{"id":233,"date":"2023-09-02T09:28:54","date_gmt":"2023-09-02T07:28:54","guid":{"rendered":"https:\/\/musesenscene.fr\/?page_id=233"},"modified":"2024-09-02T00:30:35","modified_gmt":"2024-09-01T22:30:35","slug":"accueil-v2","status":"publish","type":"page","link":"https:\/\/musesenscene.fr\/","title":{"rendered":"Accueil"},"content":{"rendered":"<p>[et_pb_section fb_built=&#8221;1&#8243; _builder_version=&#8221;4.22.1&#8243; _module_preset=&#8221;default&#8221; module_alignment=&#8221;center&#8221; custom_margin=&#8221;-70px||||false|false&#8221; custom_padding=&#8221;41px|0px|13px|0px||&#8221; global_colors_info=&#8221;{}&#8221;][et_pb_row _builder_version=&#8221;4.22.1&#8243; _module_preset=&#8221;default&#8221; global_colors_info=&#8221;{}&#8221;][et_pb_column type=&#8221;4_4&#8243; _builder_version=&#8221;4.22.1&#8243; _module_preset=&#8221;default&#8221; global_colors_info=&#8221;{}&#8221;][et_pb_text _builder_version=&#8221;4.22.1&#8243; _module_preset=&#8221;default&#8221; custom_margin=&#8221;40px||||false|false&#8221; global_colors_info=&#8221;{}&#8221;]<\/p>\n<h1 style=\"text-align: center;\">L\u2019ASSOCIATION<\/h1>\n<p>[\/et_pb_text][et_pb_text _builder_version=&#8221;4.22.1&#8243; _module_preset=&#8221;default&#8221; global_colors_info=&#8221;{}&#8221;]<\/p>\n<p style=\"text-align: justify;\"><span>Notre association s\u2019engage \u00e0 \u00e9veiller les jeunes esprits \u00e0 l\u2019art, \u00e0 cultiver la cr\u00e9ativit\u00e9 th\u00e9\u00e2trale, \u00e0 renforcer la confiance en soi, \u00e0 d\u00e9couvrir ses \u00e9motions et \u00e0 explorer un r\u00e9pertoire vari\u00e9, avec le th\u00e9\u00e2tre comme moyen d\u2019expression et d\u2019apprentissage.<\/span><\/p>\n<p style=\"text-align: justify;\"><span>Nous croyons fermement que chaque enfant a un potentiel artistique unique \u00e0 d\u00e9couvrir.<\/span><\/p>\n<p style=\"text-align: justify;\"><span>A travers ces ateliers, nous souhaitons leur transmettre l\u2019Histoire du th\u00e9\u00e2tre et ses valeurs, avec une approche ludique et p\u00e9dagogique.<\/span><span><\/span>\u00a0<\/p>\n<p>[\/et_pb_text][\/et_pb_column][\/et_pb_row][et_pb_row column_structure=&#8221;1_4,1_4,1_4,1_4&#8243; _builder_version=&#8221;4.22.1&#8243; _module_preset=&#8221;default&#8221; custom_padding=&#8221;||12px|||&#8221; global_colors_info=&#8221;{}&#8221;][et_pb_column type=&#8221;1_4&#8243; _builder_version=&#8221;4.22.1&#8243; _module_preset=&#8221;default&#8221; global_colors_info=&#8221;{}&#8221;][et_pb_blurb title=&#8221;Culture th\u00e9\u00e2trale&#8221; use_icon=&#8221;on&#8221; font_icon=&#8221;&#xf630;||fa||900&#8243; image_icon_width=&#8221;75px&#8221; _builder_version=&#8221;4.22.1&#8243; _module_preset=&#8221;default&#8221; global_colors_info=&#8221;{}&#8221;]<\/p>\n<p><span style=\"color: #fcde00;\">Notre mission est d\u2019inspirer, de cultiver et d\u2019\u00e9panouir les muses \u00e0 travers des ateliers de th\u00e9\u00e2tre enrichissant.<\/span><\/p>\n<p><span style=\"color: #fcde00;\">Elles d\u00e9couvrent le th\u00e9\u00e2tre avec les grands textes du r\u00e9pertoire, les sketchs, la po\u00e9sie, les fables, les intrigues et la com\u00e9die.<\/span><\/p>\n<p><span style=\"color: #fcde00;\">Nous leur transmettons l\u2019Histoire du Th\u00e9\u00e2tre et son langage.<\/span><\/p>\n<p><span style=\"color: #fcde00;\">Le jeu est indispensable \u00e0 l\u2019\u00e9panouissement des enfants.<\/span><\/p>\n<p><span style=\"color: #fcde00;\">Au th\u00e9\u00e2tre, on joue ! Les muses s\u2019amusent!<\/span><\/p>\n<p>[\/et_pb_blurb][\/et_pb_column][et_pb_column type=&#8221;1_4&#8243; _builder_version=&#8221;4.22.1&#8243; _module_preset=&#8221;default&#8221; global_colors_info=&#8221;{}&#8221;][et_pb_blurb title=&#8221;Cr\u00e9ativit\u00e9&#8221; use_icon=&#8221;on&#8221; font_icon=&#8221;&#xf56b;||fa||900&#8243; image_icon_width=&#8221;75px&#8221; _builder_version=&#8221;4.22.1&#8243; _module_preset=&#8221;default&#8221; global_colors_info=&#8221;{}&#8221;]<\/p>\n<p><span style=\"color: #fcde00;\">La po\u00e9sie est source d\u2019inspiration. Nous encourageons la cr\u00e9ativit\u00e9 dans nos ateliers. Cette libert\u00e9 d\u2019imaginer, d\u2019\u00e9crire et d\u2019interpr\u00e9ter nous tient particuli\u00e8rement \u00e0 c\u0153ur.<\/span><\/p>\n<p><span style=\"color: #fcde00;\">Nous proposons un espace o\u00f9 les jeunes muses peuvent d\u00e9velopper leurs id\u00e9es, cr\u00e9er des personnages, et participer \u00e0 la conception de leur spectacle.<\/span><\/p>\n<p><span style=\"color: #fcde00;\">Les enfants sont fiers d\u2019apporter leur pierre \u00e0 la pi\u00e8ce et de raconter l\u2019histoire\u2026 leur histoire.<\/span><\/p>\n<p>[\/et_pb_blurb][\/et_pb_column][et_pb_column type=&#8221;1_4&#8243; _builder_version=&#8221;4.22.1&#8243; _module_preset=&#8221;default&#8221; global_colors_info=&#8221;{}&#8221;][et_pb_blurb title=&#8221;DECOUVERTE DE SOI&#8221; use_icon=&#8221;on&#8221; font_icon=&#8221;&#xf4be;||fa||900&#8243; image_icon_width=&#8221;75px&#8221; _builder_version=&#8221;4.22.1&#8243; _module_preset=&#8221;default&#8221; global_colors_info=&#8221;{}&#8221;]<\/p>\n<p><span style=\"color: #fcde00;\">Le th\u00e9\u00e2tre n\u2019est pas seulement une forme d\u2019expression artistique, mais aussi un moyen de se d\u00e9couvrir.\u00a0<\/span><\/p>\n<p><span style=\"color: #fcde00;\">Il permet de vaincre sa timidit\u00e9 et de nouer une complicit\u00e9 avec ses partenaires de jeu. C\u2019est l\u2019esprit de Troupe. Ce partage, c\u2019est l\u2019esprit des Muses en Sc\u00e8ne.<\/span><\/p>\n<p><span style=\"color: #fcde00;\">Il invite les enfants \u00e0 r\u00e9fl\u00e9chir \u00e0 leurs \u00e9motions et leurs exp\u00e9riences.<\/span><\/p>\n<p><span style=\"color: #fcde00;\">Ils vont s\u2019inventer, r\u00e9pliquer, r\u00eaver, \u00e9crire, rire et se surprendre !<\/span><\/p>\n<p>[\/et_pb_blurb][\/et_pb_column][et_pb_column type=&#8221;1_4&#8243; _builder_version=&#8221;4.22.1&#8243; _module_preset=&#8221;default&#8221; global_colors_info=&#8221;{}&#8221;][et_pb_blurb title=&#8221;C\u00f4t\u00e9 Sc\u00e8ne&#8221; use_icon=&#8221;on&#8221; font_icon=&#8221;&#xf0d0;||fa||900&#8243; image_icon_width=&#8221;75px&#8221; _builder_version=&#8221;4.22.1&#8243; _module_preset=&#8221;default&#8221; global_colors_info=&#8221;{}&#8221;]<\/p>\n<p><span>On se d\u00e9place, on se place, on pose sa voix, on respire, on articule, on \u00e9coute, on transmet\u2026<\/span><\/p>\n<p><span>Une diction et un phras\u00e9 pr\u00e9cis sont avec le sens de la r\u00e9partie et le vocabulaire,\u00a0 les secrets de l\u2019\u00e9loquence!<\/span><\/p>\n<p><span>Nous encourageons les enfants \u00e0 prendre la parole, \u00e0 s\u2019exprimer librement et \u00e0 croire en leur potentiel artistique avec des exercices ludiques.<\/span><\/p>\n<p><span>Tous ont une place bien d\u00e9finie et un r\u00f4le \u00e0 jouer !<\/span><\/p>\n<p><span>Au th\u00e9\u00e2tre, vos enfants sont \u00e0 bonne \u00e9cole\u00a0!<\/span><\/p>\n<p>[\/et_pb_blurb][\/et_pb_column][\/et_pb_row][\/et_pb_section][et_pb_section fb_built=&#8221;1&#8243; _builder_version=&#8221;4.22.1&#8243; _module_preset=&#8221;default&#8221; custom_padding=&#8221;12px|0px|32px|0px||&#8221; global_colors_info=&#8221;{}&#8221;][et_pb_row _builder_version=&#8221;4.22.1&#8243; _module_preset=&#8221;default&#8221; custom_padding=&#8221;||7px|||&#8221; global_colors_info=&#8221;{}&#8221;][et_pb_column type=&#8221;4_4&#8243; _builder_version=&#8221;4.22.1&#8243; _module_preset=&#8221;default&#8221; global_colors_info=&#8221;{}&#8221;][et_pb_text _builder_version=&#8221;4.25.1&#8243; _module_preset=&#8221;default&#8221; custom_margin=&#8221;0px||-9px||false|false&#8221; global_colors_info=&#8221;{}&#8221;]<\/p>\n<div class=\"et_pb_module et_pb_text et_pb_text_6  et_pb_text_align_left et_pb_bg_layout_light\">\n<div class=\"et_pb_text_inner\">\n<h2 style=\"text-align: center;\">RENCONTRE AVEC VERONIQUE ALEXIS<\/h2>\n<\/div>\n<\/div>\n<p>[\/et_pb_text][et_pb_text _builder_version=&#8221;4.22.1&#8243; _module_preset=&#8221;default&#8221; text_text_color=&#8221;#adadad&#8221; custom_margin=&#8221;||25px||false|false&#8221; global_colors_info=&#8221;{}&#8221;]<\/p>\n<p style=\"text-align: center;\"><span>Auteur, Sc\u00e9nariste, Metteur en Sc\u00e8ne et Professeur de Th\u00e9\u00e2tre pour les Muses<\/span><\/p>\n<p>[\/et_pb_text][\/et_pb_column][\/et_pb_row][et_pb_row column_structure=&#8221;1_4,3_4&#8243; _builder_version=&#8221;4.22.1&#8243; _module_preset=&#8221;default&#8221; custom_margin=&#8221;-36px|auto||auto||&#8221; custom_padding=&#8221;9px|||||&#8221; global_colors_info=&#8221;{}&#8221;][et_pb_column type=&#8221;1_4&#8243; _builder_version=&#8221;4.22.1&#8243; _module_preset=&#8221;default&#8221; custom_padding=&#8221;30px||||false|false&#8221; global_colors_info=&#8221;{}&#8221;][et_pb_image src=&#8221;https:\/\/musesenscene.fr\/wp-content\/uploads\/2024\/06\/fecdfc05-01a6-4376-aa81-54edda9ee6a3.jpeg&#8221; title_text=&#8221;Photo V\u00e9ronique&#8221; force_fullwidth=&#8221;on&#8221; src_tablet=&#8221;https:\/\/musesenscene.fr\/wp-content\/uploads\/2024\/06\/fecdfc05-01a6-4376-aa81-54edda9ee6a3.jpeg&#8221; src_phone=&#8221;https:\/\/musesenscene.fr\/wp-content\/uploads\/2024\/06\/fecdfc05-01a6-4376-aa81-54edda9ee6a3.jpeg&#8221; src_last_edited=&#8221;on|phone&#8221; _builder_version=&#8221;4.25.1&#8243; _module_preset=&#8221;default&#8221; transform_scale=&#8221;134%|134%&#8221; transform_scale_tablet=&#8221;134%|134%&#8221; transform_scale_phone=&#8221;134%|134%&#8221; transform_scale_last_edited=&#8221;on|tablet&#8221; transform_translate_tablet=&#8221;&#8221; transform_translate_phone=&#8221;&#8221; transform_translate_last_edited=&#8221;on|desktop&#8221; transform_rotate_tablet=&#8221;&#8221; transform_rotate_phone=&#8221;&#8221; transform_rotate_last_edited=&#8221;on|desktop&#8221; transform_skew_tablet=&#8221;&#8221; transform_skew_phone=&#8221;&#8221; transform_skew_last_edited=&#8221;on|desktop&#8221; transform_origin_tablet=&#8221;&#8221; transform_origin_phone=&#8221;&#8221; transform_origin_last_edited=&#8221;on|desktop&#8221; transform_styles_last_edited=&#8221;on|tablet&#8221; custom_margin=&#8221;16px||10px||false|false&#8221; custom_margin_tablet=&#8221;67px||92px||false|false&#8221; custom_margin_phone=&#8221;10px||43px||false|false&#8221; custom_margin_last_edited=&#8221;on|phone&#8221; transform_styles_tablet=&#8221;&#8221; transform_styles_phone=&#8221;&#8221; global_colors_info=&#8221;{}&#8221;][\/et_pb_image][\/et_pb_column][et_pb_column type=&#8221;3_4&#8243; _builder_version=&#8221;4.22.1&#8243; _module_preset=&#8221;default&#8221; global_colors_info=&#8221;{}&#8221;][et_pb_text _builder_version=&#8221;4.22.1&#8243; _module_preset=&#8221;default&#8221; text_text_color=&#8221;#FDEE79&#8243; global_colors_info=&#8221;{}&#8221;]<\/p>\n<p><span style=\"color: #fcde00;\">\u00ab J&#8217;ai d\u00e9couvert le th\u00e9\u00e2tre et mont\u00e9 mes premi\u00e8res sc\u00e9nettes \u00e0 dix ans. Adolescente j&#8217;\u00e9crivais mes pi\u00e8ces et mettais \u00e0 contribution mes proches\u2026 Adulte, j\u2019ai cr\u00e9e ma compagnie, \u00e9crit et mont\u00e9 mes propres spectacles.<\/span><\/p>\n<p><span style=\"color: #fcde00;\">Aujourd&#8217;hui j\u2019aimerais transmettre ma passion des planches aux enfants. Qu\u2019ils d\u00e9couvrent \u00e0 leur tour ce que j\u2019ai ressenti \u00e0 mon premier atelier th\u00e9\u00e2tre\u2026 Ce que je vis aujourd&#8217;hui \u00e0 chaque lever de rideau&#8230; ce qui me fait vibrer!\u00a0<\/span><\/p>\n<p><span style=\"color: #fcde00;\">J&#8217;ai toujours pens\u00e9 que le th\u00e9\u00e2tre \u00e9tait un exutoire et une respiration pour les enfants. On puise dans nos \u00e9motions pour trouver l\u2019intention la plus juste, au plus pr\u00e8s des sentiments\u2026 De fulgurances en r\u00e9v\u00e9rences&#8230; Le th\u00e9\u00e2tre redonne confiance et assurance.<\/span><\/p>\n<p><span style=\"color: #fcde00;\">J\u2019aime aussi \u00e9crire des chansons et des contes, autres parts et partitions de l\u2019enfance\u2026 qui ont une influence sur les spectacles et les ateliers que j\u2019ai la chance de pr\u00e9parer avec les Muses en Sc\u00e8ne.<\/span><\/p>\n<p><span style=\"color: #fcde00;\">La spontan\u00e9it\u00e9, les talents et l\u2019audace des enfants m\u2019inspirent tout particuli\u00e8rement. <\/span><\/p>\n<p><span style=\"color: #fcde00;\">H\u00e2te d\u2019\u00e9crire la suite avec les Muses ! H\u00e2te de mettre en sc\u00e8ne et en valeur tous leurs talents ! \u00a0\u00bb<\/span><\/p>\n<p>[\/et_pb_text][\/et_pb_column][\/et_pb_row][et_pb_row _builder_version=&#8221;4.22.1&#8243; _module_preset=&#8221;default&#8221; global_colors_info=&#8221;{}&#8221;][et_pb_column type=&#8221;4_4&#8243; _builder_version=&#8221;4.22.1&#8243; _module_preset=&#8221;default&#8221; global_colors_info=&#8221;{}&#8221;][et_pb_button button_url=&#8221;https:\/\/musesenscene.fr\/index.php\/272-2\/&#8221; button_text=&#8221;Plus d&#8217;informations sur nos ateliers th\u00e9\u00e2tre&#8221; button_alignment=&#8221;center&#8221; _builder_version=&#8221;4.22.1&#8243; _module_preset=&#8221;default&#8221; custom_button=&#8221;on&#8221; button_text_color=&#8221;#FCDE00&#8243; button_border_color=&#8221;#FCDE00&#8243; button_icon=&#8221;&#x49;||divi||400&#8243; button_icon_color=&#8221;#FCDE00&#8243; locked=&#8221;off&#8221; global_colors_info=&#8221;{}&#8221;][\/et_pb_button][\/et_pb_column][\/et_pb_row][\/et_pb_section]<\/p>\n","protected":false},"excerpt":{"rendered":"<p>L\u2019ASSOCIATIONNotre association s\u2019engage \u00e0 \u00e9veiller les jeunes esprits \u00e0 l\u2019art, \u00e0 cultiver la cr\u00e9ativit\u00e9 th\u00e9\u00e2trale, \u00e0 renforcer la confiance en soi, \u00e0 d\u00e9couvrir ses \u00e9motions et \u00e0 explorer un r\u00e9pertoire vari\u00e9, avec le th\u00e9\u00e2tre comme moyen d\u2019expression et d\u2019apprentissage. Nous croyons fermement que chaque enfant a un potentiel artistique unique \u00e0 d\u00e9couvrir. A travers ces [&hellip;]<\/p>\n","protected":false},"author":1,"featured_media":0,"parent":0,"menu_order":0,"comment_status":"closed","ping_status":"closed","template":"","meta":{"_et_pb_use_builder":"on","_et_pb_old_content":"","_et_gb_content_width":"","footnotes":""},"class_list":["post-233","page","type-page","status-publish","hentry"],"_links":{"self":[{"href":"https:\/\/musesenscene.fr\/index.php\/wp-json\/wp\/v2\/pages\/233","targetHints":{"allow":["GET"]}}],"collection":[{"href":"https:\/\/musesenscene.fr\/index.php\/wp-json\/wp\/v2\/pages"}],"about":[{"href":"https:\/\/musesenscene.fr\/index.php\/wp-json\/wp\/v2\/types\/page"}],"author":[{"embeddable":true,"href":"https:\/\/musesenscene.fr\/index.php\/wp-json\/wp\/v2\/users\/1"}],"replies":[{"embeddable":true,"href":"https:\/\/musesenscene.fr\/index.php\/wp-json\/wp\/v2\/comments?post=233"}],"version-history":[{"count":38,"href":"https:\/\/musesenscene.fr\/index.php\/wp-json\/wp\/v2\/pages\/233\/revisions"}],"predecessor-version":[{"id":435,"href":"https:\/\/musesenscene.fr\/index.php\/wp-json\/wp\/v2\/pages\/233\/revisions\/435"}],"wp:attachment":[{"href":"https:\/\/musesenscene.fr\/index.php\/wp-json\/wp\/v2\/media?parent=233"}],"curies":[{"name":"wp","href":"https:\/\/api.w.org\/{rel}","templated":true}]}}