{"id":282,"date":"2023-09-02T13:31:55","date_gmt":"2023-09-02T11:31:55","guid":{"rendered":"https:\/\/musesenscene.fr\/?page_id=282"},"modified":"2025-07-01T18:56:59","modified_gmt":"2025-07-01T16:56:59","slug":"inscriptions","status":"publish","type":"page","link":"https:\/\/musesenscene.fr\/index.php\/inscriptions\/","title":{"rendered":"Inscriptions"},"content":{"rendered":"<p>[et_pb_section fb_built=&#8221;1&#8243; _builder_version=&#8221;4.22.1&#8243; _module_preset=&#8221;default&#8221; module_alignment=&#8221;center&#8221; custom_margin=&#8221;-70px||||false|false&#8221; custom_padding=&#8221;41px|0px|13px|0px||&#8221; global_colors_info=&#8221;{}&#8221;][et_pb_row _builder_version=&#8221;4.22.1&#8243; _module_preset=&#8221;default&#8221; custom_margin=&#8221;|auto|1px|auto||&#8221; custom_padding=&#8221;||21px|||&#8221; global_colors_info=&#8221;{}&#8221;][et_pb_column type=&#8221;4_4&#8243; _builder_version=&#8221;4.22.1&#8243; _module_preset=&#8221;default&#8221; global_colors_info=&#8221;{}&#8221;][et_pb_text _builder_version=&#8221;4.22.1&#8243; _module_preset=&#8221;default&#8221; custom_padding=&#8221;||0px|||&#8221; global_colors_info=&#8221;{}&#8221;]<\/p>\n<h1 style=\"text-align: center;\">MODALITES D&#8217;INSCRIPTION<\/h1>\n<p>[\/et_pb_text][et_pb_text _builder_version=&#8221;4.22.1&#8243; _module_preset=&#8221;default&#8221; text_font=&#8221;MUSES_SIFONN_PRO||||||||&#8221; locked=&#8221;off&#8221; global_colors_info=&#8221;{}&#8221;]<\/p>\n<p><span>L\u2019inscription aux ateliers th\u00e9\u00e2tre est un engagement pour l\u2019ann\u00e9e scolaire. <\/span><span style=\"font-size: 14px;\">Elle se fait en fonction des places disponibles pour chaque atelier.<\/span><\/p>\n<p>Pour \u00eatre valid\u00e9e, une inscription doit \u00eatre accompagn\u00e9e au moment de l\u2019adh\u00e9sion :<\/p>\n<p>&#8211; De la fiche d\u2019inscription d\u00fbment compl\u00e9t\u00e9e,<br \/>&#8211; Du premier r\u00e8glement correspondant \u00e0 l\u2019activit\u00e9 choisie,<br \/>&#8211; Du r\u00e8glement de l&#8217;adh\u00e9sion annuelle<br \/>&#8211; D\u2019un justificatif d\u2019assurance de responsabilit\u00e9 civile<\/p>\n<p>&nbsp;<\/p>\n<p>[\/et_pb_text][\/et_pb_column][\/et_pb_row][\/et_pb_section][et_pb_section fb_built=&#8221;1&#8243; _builder_version=&#8221;4.22.1&#8243; _module_preset=&#8221;default&#8221; custom_margin=&#8221;-80px|||||&#8221; custom_padding=&#8221;16px|0px|110px|0px||&#8221; global_colors_info=&#8221;{}&#8221;][et_pb_row _builder_version=&#8221;4.22.1&#8243; _module_preset=&#8221;default&#8221; global_colors_info=&#8221;{}&#8221;][et_pb_column type=&#8221;4_4&#8243; _builder_version=&#8221;4.22.1&#8243; _module_preset=&#8221;default&#8221; global_colors_info=&#8221;{}&#8221;][et_pb_text _builder_version=&#8221;4.22.1&#8243; _module_preset=&#8221;default&#8221; custom_padding=&#8221;||0px|||&#8221; locked=&#8221;off&#8221; global_colors_info=&#8221;{}&#8221;]<\/p>\n<h1 style=\"text-align: center;\">LES TARIFS<\/h1>\n<p>[\/et_pb_text][et_pb_pricing_tables show_bullet=&#8221;off&#8221; _builder_version=&#8221;4.22.1&#8243; _module_preset=&#8221;default&#8221; custom_padding=&#8221;||0px|||&#8221; locked=&#8221;off&#8221; global_colors_info=&#8221;{}&#8221;][et_pb_pricing_table title=&#8221;INSCRIPTION AUX ATELIERS&#8221; currency=&#8221;\u20ac&#8221; sum=&#8221;480&#8243; header_background_color=&#8221;#001e62&#8243; _builder_version=&#8221;4.22.1&#8243; _module_preset=&#8221;default&#8221; header_text_color=&#8221;#FCDE00&#8243; background_color=&#8221;#001e62&#8243; background_enable_color=&#8221;on&#8221; global_colors_info=&#8221;{}&#8221; sticky_transition=&#8221;on&#8221;]<\/p>\n<p style=\"text-align: center;\">Par ann\u00e9e scolaire<\/p>\n<p>[\/et_pb_pricing_table][et_pb_pricing_table title=&#8221;ADH\u00e9SION A L&#8217;ASSOCIATION&#8221; currency=&#8221;\u20ac&#8221; per=&#8221;An&#8221; sum=&#8221;20&#8243; header_background_color=&#8221;#001e62&#8243; _builder_version=&#8221;4.22.1&#8243; _module_preset=&#8221;default&#8221; header_text_color=&#8221;#FCDE00&#8243; background_color=&#8221;#001e62&#8243; background_enable_color=&#8221;on&#8221; global_colors_info=&#8221;{}&#8221; sticky_transition=&#8221;on&#8221;]<\/p>\n<p style=\"text-align: center;\">Par ann\u00e9e scolaire<\/p>\n<p>[\/et_pb_pricing_table][\/et_pb_pricing_tables][et_pb_countdown_timer title=&#8221;Derniers jours pour les inscriptions pour la  rentr\u00e9e 2025&#8243; date_time=&#8221;2025-09-24 23:03&#8243; _builder_version=&#8221;4.27.0&#8243; _module_preset=&#8221;default&#8221; header_font=&#8221;Muses_Rosie_Regular||||||||&#8221; header_text_color=&#8221;#FCDE00&#8243; numbers_font=&#8221;Muses_Rosie_Light||||||||&#8221; numbers_text_color=&#8221;#FCDE00&#8243; label_font=&#8221;MUSES_SIFONN_PRO||||||||&#8221; label_text_color=&#8221;#FDEE79&#8243; background_color=&#8221;#001e62&#8243; hover_enabled=&#8221;0&#8243; locked=&#8221;off&#8221; global_colors_info=&#8221;{}&#8221; sticky_enabled=&#8221;0&#8243;][\/et_pb_countdown_timer][et_pb_button button_url=&#8221;https:\/\/muses-en-scene.assoconnect.com\/collect\/description\/345218-h-formulaire-d-adhesion-2023-2024&#8243; button_text=&#8221;Je souhaite acc\u00e9der au formulaire d&#8217;inscription&#8221; button_alignment=&#8221;center&#8221; _builder_version=&#8221;4.22.1&#8243; _module_preset=&#8221;default&#8221; custom_button=&#8221;on&#8221; button_text_size=&#8221;38px&#8221; button_text_color=&#8221;#FCDE00&#8243; button_icon=&#8221;&#x49;||divi||400&#8243; button_icon_color=&#8221;#FCDE00&#8243; global_colors_info=&#8221;{}&#8221;][\/et_pb_button][et_pb_button button_url=&#8221;https:\/\/musesenscene.fr\/index.php\/contacts\/&#8221; button_text=&#8221;Je souhaite contacter l&#8217;association                                                      &#8221; button_alignment=&#8221;center&#8221; _builder_version=&#8221;4.22.1&#8243; _module_preset=&#8221;default&#8221; custom_button=&#8221;on&#8221; button_text_size=&#8221;38px&#8221; button_text_color=&#8221;#FCDE00&#8243; button_icon=&#8221;&#x49;||divi||400&#8243; button_icon_color=&#8221;#FCDE00&#8243; custom_padding=&#8221;|0px||0px|false|false&#8221; custom_padding_tablet=&#8221;|0px||0px|false|false&#8221; custom_padding_phone=&#8221;|0px||0px|false|false&#8221; custom_padding_last_edited=&#8221;on|desktop&#8221; global_colors_info=&#8221;{}&#8221;][\/et_pb_button][\/et_pb_column][\/et_pb_row][\/et_pb_section]<\/p>\n","protected":false},"excerpt":{"rendered":"<p>MODALITES D&#8217;INSCRIPTIONL\u2019inscription aux ateliers th\u00e9\u00e2tre est un engagement pour l\u2019ann\u00e9e scolaire. Elle se fait en fonction des places disponibles pour chaque atelier. Pour \u00eatre valid\u00e9e, une inscription doit \u00eatre accompagn\u00e9e au moment de l\u2019adh\u00e9sion : &#8211; De la fiche d\u2019inscription d\u00fbment compl\u00e9t\u00e9e,- Du premier r\u00e8glement correspondant \u00e0 l\u2019activit\u00e9 choisie,- Du r\u00e8glement de l&#8217;adh\u00e9sion annuelle- D\u2019un [&hellip;]<\/p>\n","protected":false},"author":1,"featured_media":0,"parent":0,"menu_order":0,"comment_status":"closed","ping_status":"closed","template":"","meta":{"_et_pb_use_builder":"on","_et_pb_old_content":"","_et_gb_content_width":"","footnotes":""},"class_list":["post-282","page","type-page","status-publish","hentry"],"_links":{"self":[{"href":"https:\/\/musesenscene.fr\/index.php\/wp-json\/wp\/v2\/pages\/282","targetHints":{"allow":["GET"]}}],"collection":[{"href":"https:\/\/musesenscene.fr\/index.php\/wp-json\/wp\/v2\/pages"}],"about":[{"href":"https:\/\/musesenscene.fr\/index.php\/wp-json\/wp\/v2\/types\/page"}],"author":[{"embeddable":true,"href":"https:\/\/musesenscene.fr\/index.php\/wp-json\/wp\/v2\/users\/1"}],"replies":[{"embeddable":true,"href":"https:\/\/musesenscene.fr\/index.php\/wp-json\/wp\/v2\/comments?post=282"}],"version-history":[{"count":18,"href":"https:\/\/musesenscene.fr\/index.php\/wp-json\/wp\/v2\/pages\/282\/revisions"}],"predecessor-version":[{"id":445,"href":"https:\/\/musesenscene.fr\/index.php\/wp-json\/wp\/v2\/pages\/282\/revisions\/445"}],"wp:attachment":[{"href":"https:\/\/musesenscene.fr\/index.php\/wp-json\/wp\/v2\/media?parent=282"}],"curies":[{"name":"wp","href":"https:\/\/api.w.org\/{rel}","templated":true}]}}